{"id":2133,"date":"2023-01-19T18:24:30","date_gmt":"2023-01-19T17:24:30","guid":{"rendered":"https:\/\/digipesca.webs.upv.es\/contact\/"},"modified":"2023-04-12T19:13:44","modified_gmt":"2023-04-12T17:13:44","slug":"contact","status":"publish","type":"page","link":"https:\/\/digipesca.webs.upv.es\/en\/contact\/","title":{"rendered":"Contact"},"content":{"rendered":"\t\t<div data-elementor-type=\"wp-page\" data-elementor-id=\"2133\" class=\"elementor elementor-2133 elementor-1202\" data-elementor-post-type=\"page\">\n\t\t\t\t\t\t<section class=\"elementor-section elementor-top-section elementor-element elementor-element-b82734d elementor-section-stretched elementor-section-boxed elementor-section-height-default elementor-section-height-default\" data-id=\"b82734d\" data-element_type=\"section\" data-e-type=\"section\" data-settings=\"{&quot;stretch_section&quot;:&quot;section-stretched&quot;}\">\n\t\t\t\t\t\t\t<div class=\"elementor-background-overlay\"><\/div>\n\t\t\t\t\t\t\t<div class=\"elementor-container elementor-column-gap-default\">\n\t\t\t\t\t<div class=\"elementor-column elementor-col-100 elementor-top-column elementor-element elementor-element-2d5eefc\" data-id=\"2d5eefc\" data-element_type=\"column\" data-e-type=\"column\">\n\t\t\t<div class=\"elementor-widget-wrap elementor-element-populated\">\n\t\t\t\t\t\t<div class=\"elementor-element elementor-element-b11c646 elementor-widget elementor-widget-paanee_contact_form\" data-id=\"b11c646\" data-element_type=\"widget\" data-e-type=\"widget\" data-widget_type=\"paanee_contact_form.default\">\n\t\t\t\t<div class=\"elementor-widget-container\">\n\t\t\t\t\t   \n        <!-- Contact section -->     \n        <section class=\"contact-section\">    \n            <div class=\"auto-container\">        \n                <div class=\"wrapper-box b_shadow_1 b_radius_5 px_50 pt_60 pb_35\">            \n                    <div class=\"row\">                \n                        <div class=\"col-lg-7\">                    \n                                                 \n                            <div class=\"sec-title mb_30\">                        \n                                <h2 class=\"fs_45 fw_sbold\">Contacta con nosotros<\/h2>                                                            <\/div>                        \n                                                                             \n                            <div class=\"contact-form\">                        \n                                \n<div class=\"wpcf7 no-js\" id=\"wpcf7-f1163-o1\" lang=\"es-ES\" dir=\"ltr\" data-wpcf7-id=\"1163\">\n<div class=\"screen-reader-response\"><p role=\"status\" aria-live=\"polite\" aria-atomic=\"true\"><\/p> <ul><\/ul><\/div>\n<form action=\"\/en\/wp-json\/wp\/v2\/pages\/2133#wpcf7-f1163-o1\" method=\"post\" class=\"wpcf7-form init\" aria-label=\"Formulario de contacto\" novalidate=\"novalidate\" data-status=\"init\">\n<fieldset class=\"hidden-fields-container\"><input type=\"hidden\" name=\"_wpcf7\" value=\"1163\" \/><input type=\"hidden\" name=\"_wpcf7_version\" value=\"6.1.5\" \/><input type=\"hidden\" name=\"_wpcf7_locale\" value=\"es_ES\" \/><input type=\"hidden\" name=\"_wpcf7_unit_tag\" value=\"wpcf7-f1163-o1\" \/><input type=\"hidden\" name=\"_wpcf7_container_post\" value=\"0\" \/><input type=\"hidden\" name=\"_wpcf7_posted_data_hash\" value=\"\" \/>\n<\/fieldset>\n<p><label> Nombre<br \/>\n<span class=\"wpcf7-form-control-wrap\" data-name=\"your-name\"><input size=\"40\" maxlength=\"400\" class=\"wpcf7-form-control wpcf7-text wpcf7-validates-as-required\" autocomplete=\"name\" aria-required=\"true\" aria-invalid=\"false\" value=\"\" type=\"text\" name=\"your-name\" \/><\/span> <\/label>\n<\/p>\n<p><label> Correo<br \/>\n<span class=\"wpcf7-form-control-wrap\" data-name=\"your-email\"><input size=\"40\" maxlength=\"400\" class=\"wpcf7-form-control wpcf7-email wpcf7-validates-as-required wpcf7-text wpcf7-validates-as-email\" autocomplete=\"email\" aria-required=\"true\" aria-invalid=\"false\" value=\"\" type=\"email\" name=\"your-email\" \/><\/span> <\/label>\n<\/p>\n<p><label> Mensaje<br \/>\n<span class=\"wpcf7-form-control-wrap\" data-name=\"your-message\"><textarea cols=\"40\" rows=\"10\" maxlength=\"2000\" class=\"wpcf7-form-control wpcf7-textarea\" aria-invalid=\"false\" name=\"your-message\"><\/textarea><\/span> <\/label>\n<\/p>\n<p><input class=\"wpcf7-form-control wpcf7-submit has-spinner theme_btn_1 paanee_btn\" type=\"submit\" value=\"Submit\" \/>\n<\/p><div class=\"wpcf7-response-output\" aria-hidden=\"true\"><\/div>\n<\/form>\n<\/div>\n                            <\/div>\n                                                    <\/div>\n                        \n                        <div class=\"col-lg-5\">                    \n                            <div class=\"contact-info theme_bg px_30 pt_40 pb_1\">                        \n                                                                <div class=\"contact-info\">                            \n                                    <ul class=\"list color_white\">                               \n                                                                             \n                                        <li class=\"mb_45 flexbox_1\">                                    \n                                            <div class=\"icon w_55 h_55 lh_60 text-center mr_20 bg_white theme_color fs_30 b_radius_5\">                                        \n                                                <i class=\"fa fa-location-arrow\"><\/i>                                            \n                                            <\/div>                                        \n                                            <div>                                        \n                                                <h4 class=\"fs_16 fw_bold color_white mb_10\"><br>Direcci\u00f3n<\/h4>\n                                                <div class=\"text color_white\">Escuela Polit\u00e9cnica Superior de Gandia<br>\nUniversitat Polit\u00e8cnica de Val\u00e8ncia <br>\nCalle Paraninf, 1\n46730 Gandia\n\n<\/div>                                            \n                                            <\/div>                                        \n                                        <\/li>                                    \n                                                                             \n                                        <li class=\"mb_45 flexbox_1\">                                    \n                                            <div class=\"icon w_55 h_55 lh_60 text-center mr_20 bg_white theme_color fs_30 b_radius_5\">                                        \n                                                <i class=\"fa fa-phone\"><\/i>                                            \n                                            <\/div>                                        \n                                            <div>                                        \n                                                <h4 class=\"fs_16 fw_bold color_white mb_10\">Tel\u00e9fono<\/h4>\n                                                <div class=\"text color_white\">+34 96 284 93 94<\/div>                                            \n                                            <\/div>                                        \n                                        <\/li>                                    \n                                                                             \n                                        <li class=\"mb_45 flexbox_1\">                                    \n                                            <div class=\"icon w_55 h_55 lh_60 text-center mr_20 bg_white theme_color fs_30 b_radius_5\">                                        \n                                                <i class=\"fa fa-envelope\"><\/i>                                            \n                                            <\/div>                                        \n                                            <div>                                        \n                                                <h4 class=\"fs_16 fw_bold color_white mb_10\">Correo electr\u00f3nico<\/h4>\n                                                <div class=\"text color_white\">proyectodigipesca@gmail.com<\/div>                                            \n                                            <\/div>                                        \n                                        <\/li>                                    \n                                                                             \n                                    <\/ul>\n                                <\/div>\n                            <\/div>\n                        <\/div>\n                    <\/div>\n                <\/div>\n            <\/div>\n        <\/section>\n        \n     \t\t\t\t<\/div>\n\t\t\t\t<\/div>\n\t\t\t\t\t<\/div>\n\t\t<\/div>\n\t\t\t\t\t<\/div>\n\t\t<\/section>\n\t\t\t\t<\/div>\n\t\t","protected":false},"excerpt":{"rendered":"<p>Contact us Name Mail Message Address Escuela Polit\u00e9cnica Superior de Gandia Universitat Polit\u00e8cnica de Val\u00e8ncia Calle Paraninf, 1 46730 Gandia Phone +34 96 284 93 94 Mail proyectodigipesca@gmail.com<\/p>\n","protected":false},"author":1,"featured_media":2050,"parent":0,"menu_order":100,"comment_status":"closed","ping_status":"closed","template":"","meta":{"footnotes":""},"class_list":["post-2133","page","type-page","status-publish","has-post-thumbnail","hentry"],"_links":{"self":[{"href":"https:\/\/digipesca.webs.upv.es\/en\/wp-json\/wp\/v2\/pages\/2133","targetHints":{"allow":["GET"]}}],"collection":[{"href":"https:\/\/digipesca.webs.upv.es\/en\/wp-json\/wp\/v2\/pages"}],"about":[{"href":"https:\/\/digipesca.webs.upv.es\/en\/wp-json\/wp\/v2\/types\/page"}],"author":[{"embeddable":true,"href":"https:\/\/digipesca.webs.upv.es\/en\/wp-json\/wp\/v2\/users\/1"}],"replies":[{"embeddable":true,"href":"https:\/\/digipesca.webs.upv.es\/en\/wp-json\/wp\/v2\/comments?post=2133"}],"version-history":[{"count":1,"href":"https:\/\/digipesca.webs.upv.es\/en\/wp-json\/wp\/v2\/pages\/2133\/revisions"}],"predecessor-version":[{"id":2577,"href":"https:\/\/digipesca.webs.upv.es\/en\/wp-json\/wp\/v2\/pages\/2133\/revisions\/2577"}],"wp:featuredmedia":[{"embeddable":true,"href":"https:\/\/digipesca.webs.upv.es\/en\/wp-json\/wp\/v2\/media\/2050"}],"wp:attachment":[{"href":"https:\/\/digipesca.webs.upv.es\/en\/wp-json\/wp\/v2\/media?parent=2133"}],"curies":[{"name":"wp","href":"https:\/\/api.w.org\/{rel}","templated":true}]}}